{"id":680,"date":"2023-06-21T10:45:51","date_gmt":"2023-06-21T08:45:51","guid":{"rendered":"https:\/\/msialsace.fr\/?page_id=680"},"modified":"2023-07-12T17:13:06","modified_gmt":"2023-07-12T15:13:06","slug":"la-societe","status":"publish","type":"page","link":"https:\/\/msialsace.fr\/index.php\/la-societe\/","title":{"rendered":"La Soci\u00e9t\u00e9"},"content":{"rendered":"\n<h2 class=\"has-text-align-center wp-block-heading\"><em>O\u00f9 nous trouver ? <\/em><\/h2>\n\n\n\n<div style=\"height:54px\" aria-hidden=\"true\" class=\"wp-block-spacer\"><\/div>\n\n\n\n<div class=\"wp-block-media-text alignwide is-stacked-on-mobile is-vertically-aligned-center\" style=\"grid-template-columns:52% auto\"><figure class=\"wp-block-media-text__media\"><img loading=\"lazy\" decoding=\"async\" width=\"1024\" height=\"768\" src=\"https:\/\/msialsace.fr\/wp-content\/uploads\/2023\/06\/msi-modified-1-1024x768.png\" alt=\"\" class=\"wp-image-783 size-full\" srcset=\"https:\/\/msialsace.fr\/wp-content\/uploads\/2023\/06\/msi-modified-1-1024x768.png 1024w, https:\/\/msialsace.fr\/wp-content\/uploads\/2023\/06\/msi-modified-1-300x225.png 300w, https:\/\/msialsace.fr\/wp-content\/uploads\/2023\/06\/msi-modified-1-768x576.png 768w, https:\/\/msialsace.fr\/wp-content\/uploads\/2023\/06\/msi-modified-1-1536x1152.png 1536w, https:\/\/msialsace.fr\/wp-content\/uploads\/2023\/06\/msi-modified-1.png 2048w\" sizes=\"auto, (max-width: 1024px) 100vw, 1024px\" \/><\/figure><div class=\"wp-block-media-text__content\">\n<div class=\"wp-block-group\"><div class=\"wp-block-group__inner-container is-layout-constrained wp-block-group-is-layout-constrained\">\n<p class=\"has-text-align-center has-medium-font-size\"><strong>MSI Alsace se trouve \u00e0 <em>18 BIS rue de la R\u00e9publique<\/em> dans la commune de  <em>Offwiller<\/em> dans le Bas &#8211; Rhin.<\/strong><\/p>\n<\/div><\/div>\n\n\n\n<div style=\"height:37px\" aria-hidden=\"true\" class=\"wp-block-spacer\"><\/div>\n\n\n\n<div class=\"wp-block-buttons is-content-justification-center is-layout-flex wp-container-core-buttons-is-layout-16018d1d wp-block-buttons-is-layout-flex\">\n<div class=\"wp-block-button\"><a class=\"wp-block-button__link has-luminous-vivid-orange-background-color has-background wp-element-button\" href=\"https:\/\/msialsace.fr\/index.php\/contact\/\" style=\"border-radius:7px\"><strong>Contact<\/strong><\/a><\/div>\n<\/div>\n<\/div><\/div>\n\n\n\n<div style=\"height:11px\" aria-hidden=\"true\" class=\"wp-block-spacer\"><\/div>\n\n\n\n<div style=\"height:72px\" aria-hidden=\"true\" class=\"wp-block-spacer\"><\/div>\n\n\n\n<h2 class=\"has-text-align-center wp-block-heading\"><em>Qui sommes-nous ?<\/em><\/h2>\n\n\n\n<div style=\"height:63px\" aria-hidden=\"true\" class=\"wp-block-spacer\"><\/div>\n\n\n\n<div class=\"wp-block-group\"><div class=\"wp-block-group__inner-container is-layout-constrained wp-block-group-is-layout-constrained\">\n<div class=\"wp-block-group\"><div class=\"wp-block-group__inner-container is-layout-constrained wp-block-group-is-layout-constrained\">\n<p class=\"has-text-align-center\"><strong>Fond\u00e9e en 2004, MSI alsace est une entreprise form\u00e9e de 4 personnes passionn\u00e9es, sp\u00e9cialis\u00e9e dans<em> la r\u00e9paration et la vente de mat\u00e9riels \/ logiciels informatique.<\/em> MSI Alsace pourra \u00e9galement intervenir pour r\u00e9aliser <em>des sauvegardes ou  de la r\u00e9cup\u00e9ration de vos donn\u00e9es<\/em> et pourra vous fournir votre <em>antivirus avec la solution de la plus haute de  ESET.<\/em><\/strong><\/p>\n<\/div><\/div>\n<\/div><\/div>\n\n\n\n<div style=\"height:60px\" aria-hidden=\"true\" class=\"wp-block-spacer\"><\/div>\n\n\n\n<h2 class=\"has-text-align-center wp-block-heading\"><em>Pourquoi venir chez MSI Alsace ? <\/em><\/h2>\n\n\n\n<div style=\"height:66px\" aria-hidden=\"true\" class=\"wp-block-spacer\"><\/div>\n\n\n\n<div class=\"wp-block-media-text alignwide has-media-on-the-right is-stacked-on-mobile\" style=\"grid-template-columns:auto 40%\"><div class=\"wp-block-media-text__content\">\n<div class=\"wp-block-group\"><div class=\"wp-block-group__inner-container is-layout-constrained wp-block-group-is-layout-constrained\">\n<div class=\"wp-block-group\"><div class=\"wp-block-group__inner-container is-layout-constrained wp-block-group-is-layout-constrained\">\n<p class=\"has-text-align-center\"><strong>MSI Alsace d\u00e9tient le label <em>Quali R\u00e9par<\/em>. Le label Quali R\u00e9par est attribu\u00e9 \u00e0 des professionnels de la r\u00e9paration d\u2019\u00e9quipements \u00e9lectriques et \u00e9lectroniques, il vient certifier notre savoir-faire pour diagnostiquer les pannes et r\u00e9parer les produits concern\u00e9s.  Gr\u00e2ce \u00e0 ce label, <em>vous b\u00e9n\u00e9ficierez  d&rsquo;une r\u00e9duction imm\u00e9diate sur votre facture de r\u00e9paration pour les appareils et pannes \u00e9ligibles et qui ne sont plus sous garantie.<\/em><\/strong><\/p>\n<\/div><\/div>\n\n\n\n<p><\/p>\n<\/div><\/div>\n<\/div><figure class=\"wp-block-media-text__media\"><img loading=\"lazy\" decoding=\"async\" width=\"377\" height=\"185\" src=\"https:\/\/msialsace.fr\/wp-content\/uploads\/2023\/06\/label-modified-1-1.png\" alt=\"\" class=\"wp-image-779 size-full\" srcset=\"https:\/\/msialsace.fr\/wp-content\/uploads\/2023\/06\/label-modified-1-1.png 377w, https:\/\/msialsace.fr\/wp-content\/uploads\/2023\/06\/label-modified-1-1-300x147.png 300w\" sizes=\"auto, (max-width: 377px) 100vw, 377px\" \/><\/figure><\/div>\n","protected":false},"excerpt":{"rendered":"<p>O\u00f9 nous trouver ? Qui sommes-nous ? Fond\u00e9e en 2004, MSI alsace est une entreprise form\u00e9e de 4 personnes passionn\u00e9es, sp\u00e9cialis\u00e9e dans la r\u00e9paration et la vente de mat\u00e9riels \/ logiciels informatique. MSI Alsace pourra \u00e9galement intervenir pour r\u00e9aliser des sauvegardes ou de la r\u00e9cup\u00e9ration de vos donn\u00e9es et pourra vous fournir votre antivirus avec [&hellip;]<\/p>\n","protected":false},"author":1,"featured_media":0,"parent":0,"menu_order":0,"comment_status":"closed","ping_status":"closed","template":"","meta":{"footnotes":""},"class_list":["post-680","page","type-page","status-publish","hentry"],"_links":{"self":[{"href":"https:\/\/msialsace.fr\/index.php\/wp-json\/wp\/v2\/pages\/680","targetHints":{"allow":["GET"]}}],"collection":[{"href":"https:\/\/msialsace.fr\/index.php\/wp-json\/wp\/v2\/pages"}],"about":[{"href":"https:\/\/msialsace.fr\/index.php\/wp-json\/wp\/v2\/types\/page"}],"author":[{"embeddable":true,"href":"https:\/\/msialsace.fr\/index.php\/wp-json\/wp\/v2\/users\/1"}],"replies":[{"embeddable":true,"href":"https:\/\/msialsace.fr\/index.php\/wp-json\/wp\/v2\/comments?post=680"}],"version-history":[{"count":40,"href":"https:\/\/msialsace.fr\/index.php\/wp-json\/wp\/v2\/pages\/680\/revisions"}],"predecessor-version":[{"id":895,"href":"https:\/\/msialsace.fr\/index.php\/wp-json\/wp\/v2\/pages\/680\/revisions\/895"}],"wp:attachment":[{"href":"https:\/\/msialsace.fr\/index.php\/wp-json\/wp\/v2\/media?parent=680"}],"curies":[{"name":"wp","href":"https:\/\/api.w.org\/{rel}","templated":true}]}}