{"id":306,"date":"2023-06-05T11:41:02","date_gmt":"2023-06-05T09:41:02","guid":{"rendered":"https:\/\/msialsace.fr\/?page_id=306"},"modified":"2023-07-18T17:11:32","modified_gmt":"2023-07-18T15:11:32","slug":"affichage-dynamique","status":"publish","type":"page","link":"https:\/\/msialsace.fr\/index.php\/affichage-dynamique\/","title":{"rendered":"Affichage dynamique"},"content":{"rendered":"\n<h2 class=\"wp-block-heading\"><strong><em>Qu&rsquo;est ce que l&rsquo;affichage dynamique ?<\/em><\/strong><\/h2>\n\n\n\n<div style=\"height:62px\" aria-hidden=\"true\" class=\"wp-block-spacer\"><\/div>\n\n\n\n<div class=\"wp-block-media-text alignwide is-stacked-on-mobile\" style=\"grid-template-columns:55% auto\"><figure class=\"wp-block-media-text__media\"><img loading=\"lazy\" decoding=\"async\" width=\"1020\" height=\"436\" src=\"https:\/\/msialsace.fr\/wp-content\/uploads\/2023\/06\/modeles-pro-display.png\" alt=\"\" class=\"wp-image-858 size-full\" srcset=\"https:\/\/msialsace.fr\/wp-content\/uploads\/2023\/06\/modeles-pro-display.png 1020w, https:\/\/msialsace.fr\/wp-content\/uploads\/2023\/06\/modeles-pro-display-300x128.png 300w, https:\/\/msialsace.fr\/wp-content\/uploads\/2023\/06\/modeles-pro-display-768x328.png 768w\" sizes=\"auto, (max-width: 1020px) 100vw, 1020px\" \/><\/figure><div class=\"wp-block-media-text__content\">\n<div class=\"wp-block-group\"><div class=\"wp-block-group__inner-container is-layout-constrained wp-block-group-is-layout-constrained\">\n<p class=\"has-text-align-left\" style=\"font-size:15.5px\"><strong>L&rsquo;affichage dynamique est un outil  de communication qui consiste \u00e0 diffuser des informations, sous forme de contenus multim\u00e9dias sur tout type d&rsquo;\u00e9cran Pour cela il suffit simplement d&rsquo;utiliser un logiciel d&rsquo;affichage dynamique  qui vous permettra de transmettre votre message selon le mod\u00e8le que vous d\u00e9sirez<\/strong><\/p>\n<\/div><\/div>\n<\/div><\/div>\n\n\n\n<div style=\"height:53px\" aria-hidden=\"true\" class=\"wp-block-spacer\"><\/div>\n\n\n\n<h2 class=\"wp-block-heading\"><strong><em>Les avantages de l&rsquo;affichage dynamique <\/em><\/strong><\/h2>\n\n\n\n<div style=\"height:56px\" aria-hidden=\"true\" class=\"wp-block-spacer\"><\/div>\n\n\n\n<ul class=\"wp-block-list\">\n<li>Prix de la solution abordable : pack pour tout budget<\/li>\n\n\n\n<li>Plus grand impact sur les ventes et plus attrayant que l&rsquo;affichage papier<\/li>\n\n\n\n<li>Plus facile et rapide de changer le contenu avec affichage dynamique qu&rsquo;une affiche<\/li>\n<\/ul>\n","protected":false},"excerpt":{"rendered":"<p>Qu&rsquo;est ce que l&rsquo;affichage dynamique ? Les avantages de l&rsquo;affichage dynamique<\/p>\n","protected":false},"author":1,"featured_media":0,"parent":0,"menu_order":0,"comment_status":"closed","ping_status":"closed","template":"","meta":{"footnotes":""},"class_list":["post-306","page","type-page","status-publish","hentry"],"_links":{"self":[{"href":"https:\/\/msialsace.fr\/index.php\/wp-json\/wp\/v2\/pages\/306","targetHints":{"allow":["GET"]}}],"collection":[{"href":"https:\/\/msialsace.fr\/index.php\/wp-json\/wp\/v2\/pages"}],"about":[{"href":"https:\/\/msialsace.fr\/index.php\/wp-json\/wp\/v2\/types\/page"}],"author":[{"embeddable":true,"href":"https:\/\/msialsace.fr\/index.php\/wp-json\/wp\/v2\/users\/1"}],"replies":[{"embeddable":true,"href":"https:\/\/msialsace.fr\/index.php\/wp-json\/wp\/v2\/comments?post=306"}],"version-history":[{"count":23,"href":"https:\/\/msialsace.fr\/index.php\/wp-json\/wp\/v2\/pages\/306\/revisions"}],"predecessor-version":[{"id":908,"href":"https:\/\/msialsace.fr\/index.php\/wp-json\/wp\/v2\/pages\/306\/revisions\/908"}],"wp:attachment":[{"href":"https:\/\/msialsace.fr\/index.php\/wp-json\/wp\/v2\/media?parent=306"}],"curies":[{"name":"wp","href":"https:\/\/api.w.org\/{rel}","templated":true}]}}